{"id":279,"date":"2026-04-15T12:51:40","date_gmt":"2026-04-15T12:51:40","guid":{"rendered":"https:\/\/kiefer-familie.de\/?page_id=279"},"modified":"2026-04-16T06:37:46","modified_gmt":"2026-04-16T06:37:46","slug":"wichtige-informationen-fuer-die-uebernachtungsgaeste","status":"publish","type":"page","link":"https:\/\/kiefer-familie.de\/?page_id=279","title":{"rendered":"Wichtig f\u00fcr \u00dcbernachtungsg\u00e4ste"},"content":{"rendered":"<div class=\"wp-block-image\">\n<figure class=\"aligncenter size-large is-resized\"><img loading=\"lazy\" decoding=\"async\" width=\"2560\" height=\"1440\" src=\"https:\/\/kiefer-familie.de\/wp-content\/uploads\/2026\/04\/IMG_1753-edited-scaled.jpg\" alt=\"\" class=\"wp-image-283\" style=\"width:452px;height:auto\" srcset=\"https:\/\/kiefer-familie.de\/wp-content\/uploads\/2026\/04\/IMG_1753-edited-scaled.jpg 2560w, https:\/\/kiefer-familie.de\/wp-content\/uploads\/2026\/04\/IMG_1753-edited-300x169.jpg 300w, https:\/\/kiefer-familie.de\/wp-content\/uploads\/2026\/04\/IMG_1753-edited-1024x576.jpg 1024w, https:\/\/kiefer-familie.de\/wp-content\/uploads\/2026\/04\/IMG_1753-edited-768x432.jpg 768w, https:\/\/kiefer-familie.de\/wp-content\/uploads\/2026\/04\/IMG_1753-edited-1536x864.jpg 1536w, https:\/\/kiefer-familie.de\/wp-content\/uploads\/2026\/04\/IMG_1753-edited-2048x1152.jpg 2048w, https:\/\/kiefer-familie.de\/wp-content\/uploads\/2026\/04\/IMG_1753-edited-606x341.jpg 606w, https:\/\/kiefer-familie.de\/wp-content\/uploads\/2026\/04\/IMG_1753-edited-1920x1080.jpg 1920w\" sizes=\"auto, (max-width: 2560px) 100vw, 2560px\" \/><\/figure>\n<\/div>\n\n\n<h2 class=\"wp-block-heading has-text-align-center\">F\u00fcr s\u00fc\u00dfe Tr\u00e4ume nach einem langen, besonderen Tag<\/h2>\n\n\n\n<p class=\"has-text-align-center\">Damit ihr nach einem  langen Tag  nicht irgendwo unter dem Tisch \u00fcbernachten m\u00fcsst, haben wir f\u00fcr euch schon mal flei\u00dfig vorgearbeitet und Zimmer nach Absprache reserviert. <\/p>\n\n\n\n<p class=\"has-text-align-center\">Die Zimmer stehen euch also bereit, ihr m\u00fcsst euch nur noch hineinfallen lassen.<br><strong>Die Zimmer k\u00f6nnt ihr ganz unkompliziert bei der Abreise vor Ort bezahlen.<\/strong><\/p>\n\n\n\n<h2 class=\"wp-block-heading has-text-align-center\">F\u00fcr die Abenteurer unter euch<\/h2>\n\n\n\n<p class=\"has-text-align-center\">Ihr reist lieber mit eurem eigenen kleinen Zuhause auf R\u00e4dern an? Kein Problem!<br>Ob Wohnwagen oder Wohnmobil, drau\u00dfen gibt es Platz f\u00fcr euch.<\/p>\n\n\n\n<p class=\"has-text-align-center\">Wichtig: Gebt uns bitte sp\u00e4testens <strong>2 Wochen vorher Bescheid<\/strong>, damit wir entsprechend planen k\u00f6nnen und ihr nicht pl\u00f6tzlich neben dem Grill schlafen m\u00fcsst. <\/p>\n\n\n\n<h2 class=\"wp-block-heading has-text-align-center\">Der kr\u00f6nende Abschluss: Fr\u00fchst\u00fcck am 14.06.<\/h2>\n\n\n\n<p class=\"has-text-align-center\">Nach Feierei, Tanzen und vielleicht dem ein oder anderen Kaltgetr\u00e4nk m\u00f6chten wir das Wochenende gemeinsam mit euch gem\u00fctlich ausklingen lassen.<\/p>\n\n\n\n<p class=\"has-text-align-center\">Deshalb laden wir alle \u00dcbernachtungsg\u00e4ste <strong>am 14.06. morgens ganz herzlich zum Fr\u00fchst\u00fcck im Stahlecker Hof<\/strong> ein. <\/p>\n\n\n\n<p class=\"has-text-align-center\">Lasst uns zusammen in den neuen Tag starten, die sch\u00f6nsten Momente nochmal Revue passieren lassen und einfach noch ein bisschen Zeit miteinander genie\u00dfen.<\/p>\n\n\n\n<p class=\"has-text-align-center\"><strong>Wir freuen uns riesig, dieses besondere Wochenende mit euch zu verbringen!<\/strong><\/p>\n\n\n\n<p><\/p>\n","protected":false},"excerpt":{"rendered":"<p>F\u00fcr s\u00fc\u00dfe Tr\u00e4ume nach einem langen, besonderen Tag Damit ihr nach einem langen Tag nicht irgendwo unter dem Tisch \u00fcbernachten &hellip; <a href=\"https:\/\/kiefer-familie.de\/?page_id=279\" class=\"more-link\"><span class=\"more-button\">Continue Reading<span class=\"screen-reader-text\">Wichtig f\u00fcr \u00dcbernachtungsg\u00e4ste<\/span><\/span><\/a><\/p>\n","protected":false},"author":2,"featured_media":0,"parent":0,"menu_order":0,"comment_status":"closed","ping_status":"closed","template":"","meta":{"footnotes":""},"class_list":["post-279","page","type-page","status-publish","hentry"],"_links":{"self":[{"href":"https:\/\/kiefer-familie.de\/index.php?rest_route=\/wp\/v2\/pages\/279","targetHints":{"allow":["GET"]}}],"collection":[{"href":"https:\/\/kiefer-familie.de\/index.php?rest_route=\/wp\/v2\/pages"}],"about":[{"href":"https:\/\/kiefer-familie.de\/index.php?rest_route=\/wp\/v2\/types\/page"}],"author":[{"embeddable":true,"href":"https:\/\/kiefer-familie.de\/index.php?rest_route=\/wp\/v2\/users\/2"}],"replies":[{"embeddable":true,"href":"https:\/\/kiefer-familie.de\/index.php?rest_route=%2Fwp%2Fv2%2Fcomments&post=279"}],"version-history":[{"count":8,"href":"https:\/\/kiefer-familie.de\/index.php?rest_route=\/wp\/v2\/pages\/279\/revisions"}],"predecessor-version":[{"id":299,"href":"https:\/\/kiefer-familie.de\/index.php?rest_route=\/wp\/v2\/pages\/279\/revisions\/299"}],"wp:attachment":[{"href":"https:\/\/kiefer-familie.de\/index.php?rest_route=%2Fwp%2Fv2%2Fmedia&parent=279"}],"curies":[{"name":"wp","href":"https:\/\/api.w.org\/{rel}","templated":true}]}}