{"id":2,"date":"2026-02-17T14:22:43","date_gmt":"2026-02-17T14:22:43","guid":{"rendered":"http:\/\/kiefer-familie.de\/?page_id=2"},"modified":"2026-04-15T12:59:46","modified_gmt":"2026-04-15T12:59:46","slug":"sample-page","status":"publish","type":"page","link":"https:\/\/kiefer-familie.de\/","title":{"rendered":"Hochzeitshomepage"},"content":{"rendered":"\n<p class=\"has-text-align-center\">&#8222;<strong>Liebe ist, wenn aus zwei Leben ein gemeinsamer Weg wird.<\/strong>&#8222;<\/p>\n\n\n\n<p class=\"has-text-align-center\">Unser gro\u00dfer Tag r\u00fcckt immer n\u00e4her. Hier findet ihr alle wichtigen Informationen zu unserer Hochzeit.<\/p>\n\n\n\n<p class=\"has-text-align-center\">Wir halten euch hier auf dem laufenden, was Adressen, Zeitplan oder sonstige \u00c4nderungen angeht.<\/p>\n\n\n<div class=\"wp-block-image is-style-rounded\">\n<figure class=\"aligncenter size-large\"><img loading=\"lazy\" decoding=\"async\" width=\"1024\" height=\"320\" src=\"https:\/\/kiefer-familie.de\/wp-content\/uploads\/2026\/03\/Wetter1-1024x320.jpg\" alt=\"\" class=\"wp-image-263\" srcset=\"https:\/\/kiefer-familie.de\/wp-content\/uploads\/2026\/03\/Wetter1-1024x320.jpg 1024w, https:\/\/kiefer-familie.de\/wp-content\/uploads\/2026\/03\/Wetter1-300x94.jpg 300w, https:\/\/kiefer-familie.de\/wp-content\/uploads\/2026\/03\/Wetter1-768x240.jpg 768w, https:\/\/kiefer-familie.de\/wp-content\/uploads\/2026\/03\/Wetter1-1536x480.jpg 1536w, https:\/\/kiefer-familie.de\/wp-content\/uploads\/2026\/03\/Wetter1-606x189.jpg 606w, https:\/\/kiefer-familie.de\/wp-content\/uploads\/2026\/03\/Wetter1.jpg 1890w\" sizes=\"auto, (max-width: 1024px) 100vw, 1024px\" \/><\/figure>\n<\/div>","protected":false},"excerpt":{"rendered":"<p>&#8222;Liebe ist, wenn aus zwei Leben ein gemeinsamer Weg wird.&#8222; Unser gro\u00dfer Tag r\u00fcckt immer n\u00e4her. Hier findet ihr alle &hellip; <a href=\"https:\/\/kiefer-familie.de\/\" class=\"more-link\"><span class=\"more-button\">Continue Reading<span class=\"screen-reader-text\">Hochzeitshomepage<\/span><\/span><\/a><\/p>\n","protected":false},"author":1,"featured_media":0,"parent":0,"menu_order":0,"comment_status":"closed","ping_status":"open","template":"","meta":{"footnotes":""},"class_list":["post-2","page","type-page","status-publish","hentry"],"_links":{"self":[{"href":"https:\/\/kiefer-familie.de\/index.php?rest_route=\/wp\/v2\/pages\/2","targetHints":{"allow":["GET"]}}],"collection":[{"href":"https:\/\/kiefer-familie.de\/index.php?rest_route=\/wp\/v2\/pages"}],"about":[{"href":"https:\/\/kiefer-familie.de\/index.php?rest_route=\/wp\/v2\/types\/page"}],"author":[{"embeddable":true,"href":"https:\/\/kiefer-familie.de\/index.php?rest_route=\/wp\/v2\/users\/1"}],"replies":[{"embeddable":true,"href":"https:\/\/kiefer-familie.de\/index.php?rest_route=%2Fwp%2Fv2%2Fcomments&post=2"}],"version-history":[{"count":17,"href":"https:\/\/kiefer-familie.de\/index.php?rest_route=\/wp\/v2\/pages\/2\/revisions"}],"predecessor-version":[{"id":291,"href":"https:\/\/kiefer-familie.de\/index.php?rest_route=\/wp\/v2\/pages\/2\/revisions\/291"}],"wp:attachment":[{"href":"https:\/\/kiefer-familie.de\/index.php?rest_route=%2Fwp%2Fv2%2Fmedia&parent=2"}],"curies":[{"name":"wp","href":"https:\/\/api.w.org\/{rel}","templated":true}]}}