{"id":17,"date":"2026-02-18T08:59:33","date_gmt":"2026-02-18T08:59:33","guid":{"rendered":"https:\/\/kiefer-familie.de\/?page_id=17"},"modified":"2026-04-15T12:59:22","modified_gmt":"2026-04-15T12:59:22","slug":"die-wichtigsten-daten-im-ueberblick","status":"publish","type":"page","link":"https:\/\/kiefer-familie.de\/?page_id=17","title":{"rendered":"Unser Ablauf"},"content":{"rendered":"\n<div class=\"wp-block-group alignwide is-content-justification-center is-nowrap is-layout-flex wp-container-core-group-is-layout-94bc23d7 wp-block-group-is-layout-flex\">\n<figure class=\"wp-block-image size-thumbnail\"><img loading=\"lazy\" decoding=\"async\" width=\"150\" height=\"150\" src=\"https:\/\/kiefer-familie.de\/wp-content\/uploads\/2026\/03\/a6f71611-3134-4aef-8acd-8734013c9f08-150x150.jpg\" alt=\"\" class=\"wp-image-146\" srcset=\"https:\/\/kiefer-familie.de\/wp-content\/uploads\/2026\/03\/a6f71611-3134-4aef-8acd-8734013c9f08-150x150.jpg 150w, https:\/\/kiefer-familie.de\/wp-content\/uploads\/2026\/03\/a6f71611-3134-4aef-8acd-8734013c9f08-640x640.jpg 640w, https:\/\/kiefer-familie.de\/wp-content\/uploads\/2026\/03\/a6f71611-3134-4aef-8acd-8734013c9f08-50x50.jpg 50w, https:\/\/kiefer-familie.de\/wp-content\/uploads\/2026\/03\/a6f71611-3134-4aef-8acd-8734013c9f08-20x20.jpg 20w, https:\/\/kiefer-familie.de\/wp-content\/uploads\/2026\/03\/a6f71611-3134-4aef-8acd-8734013c9f08-606x606.jpg 606w\" sizes=\"auto, (max-width: 150px) 100vw, 150px\" \/><\/figure>\n\n\n\n<figure class=\"wp-block-image size-thumbnail\"><img loading=\"lazy\" decoding=\"async\" width=\"150\" height=\"150\" src=\"https:\/\/kiefer-familie.de\/wp-content\/uploads\/2026\/03\/59bd3b2f-54a8-4290-8922-f97ef41615d8-150x150.jpg\" alt=\"\" class=\"wp-image-144\" srcset=\"https:\/\/kiefer-familie.de\/wp-content\/uploads\/2026\/03\/59bd3b2f-54a8-4290-8922-f97ef41615d8-150x150.jpg 150w, https:\/\/kiefer-familie.de\/wp-content\/uploads\/2026\/03\/59bd3b2f-54a8-4290-8922-f97ef41615d8-640x640.jpg 640w, https:\/\/kiefer-familie.de\/wp-content\/uploads\/2026\/03\/59bd3b2f-54a8-4290-8922-f97ef41615d8-50x50.jpg 50w, https:\/\/kiefer-familie.de\/wp-content\/uploads\/2026\/03\/59bd3b2f-54a8-4290-8922-f97ef41615d8-20x20.jpg 20w, https:\/\/kiefer-familie.de\/wp-content\/uploads\/2026\/03\/59bd3b2f-54a8-4290-8922-f97ef41615d8-606x606.jpg 606w\" sizes=\"auto, (max-width: 150px) 100vw, 150px\" \/><\/figure>\n\n\n\n<figure class=\"wp-block-image size-thumbnail\"><img loading=\"lazy\" decoding=\"async\" width=\"150\" height=\"150\" src=\"https:\/\/kiefer-familie.de\/wp-content\/uploads\/2026\/03\/IMG_6906-150x150.jpg\" alt=\"\" class=\"wp-image-131\" srcset=\"https:\/\/kiefer-familie.de\/wp-content\/uploads\/2026\/03\/IMG_6906-150x150.jpg 150w, https:\/\/kiefer-familie.de\/wp-content\/uploads\/2026\/03\/IMG_6906-640x640.jpg 640w, https:\/\/kiefer-familie.de\/wp-content\/uploads\/2026\/03\/IMG_6906-50x50.jpg 50w, https:\/\/kiefer-familie.de\/wp-content\/uploads\/2026\/03\/IMG_6906-20x20.jpg 20w, https:\/\/kiefer-familie.de\/wp-content\/uploads\/2026\/03\/IMG_6906-606x606.jpg 606w\" sizes=\"auto, (max-width: 150px) 100vw, 150px\" \/><\/figure>\n\n\n\n<figure class=\"wp-block-image size-thumbnail\"><img loading=\"lazy\" decoding=\"async\" width=\"150\" height=\"150\" src=\"https:\/\/kiefer-familie.de\/wp-content\/uploads\/2026\/03\/IMG_3186-150x150.jpg\" alt=\"\" class=\"wp-image-117\" srcset=\"https:\/\/kiefer-familie.de\/wp-content\/uploads\/2026\/03\/IMG_3186-150x150.jpg 150w, https:\/\/kiefer-familie.de\/wp-content\/uploads\/2026\/03\/IMG_3186-640x640.jpg 640w, https:\/\/kiefer-familie.de\/wp-content\/uploads\/2026\/03\/IMG_3186-50x50.jpg 50w, https:\/\/kiefer-familie.de\/wp-content\/uploads\/2026\/03\/IMG_3186-20x20.jpg 20w, https:\/\/kiefer-familie.de\/wp-content\/uploads\/2026\/03\/IMG_3186-606x606.jpg 606w\" sizes=\"auto, (max-width: 150px) 100vw, 150px\" \/><\/figure>\n\n\n\n<figure class=\"wp-block-image size-thumbnail\"><img loading=\"lazy\" decoding=\"async\" width=\"150\" height=\"150\" src=\"https:\/\/kiefer-familie.de\/wp-content\/uploads\/2026\/03\/IMG_5350-150x150.jpg\" alt=\"\" class=\"wp-image-88\" srcset=\"https:\/\/kiefer-familie.de\/wp-content\/uploads\/2026\/03\/IMG_5350-150x150.jpg 150w, https:\/\/kiefer-familie.de\/wp-content\/uploads\/2026\/03\/IMG_5350-640x640.jpg 640w, https:\/\/kiefer-familie.de\/wp-content\/uploads\/2026\/03\/IMG_5350-50x50.jpg 50w, https:\/\/kiefer-familie.de\/wp-content\/uploads\/2026\/03\/IMG_5350-20x20.jpg 20w, https:\/\/kiefer-familie.de\/wp-content\/uploads\/2026\/03\/IMG_5350-606x606.jpg 606w\" sizes=\"auto, (max-width: 150px) 100vw, 150px\" \/><\/figure>\n\n\n\n<figure class=\"wp-block-image size-thumbnail\"><img loading=\"lazy\" decoding=\"async\" width=\"150\" height=\"150\" src=\"https:\/\/kiefer-familie.de\/wp-content\/uploads\/2026\/03\/IMG_1219-150x150.jpg\" alt=\"\" class=\"wp-image-106\" srcset=\"https:\/\/kiefer-familie.de\/wp-content\/uploads\/2026\/03\/IMG_1219-150x150.jpg 150w, https:\/\/kiefer-familie.de\/wp-content\/uploads\/2026\/03\/IMG_1219-640x640.jpg 640w, https:\/\/kiefer-familie.de\/wp-content\/uploads\/2026\/03\/IMG_1219-50x50.jpg 50w, https:\/\/kiefer-familie.de\/wp-content\/uploads\/2026\/03\/IMG_1219-20x20.jpg 20w, https:\/\/kiefer-familie.de\/wp-content\/uploads\/2026\/03\/IMG_1219-606x606.jpg 606w\" sizes=\"auto, (max-width: 150px) 100vw, 150px\" \/><\/figure>\n<\/div>\n\n\n\n<h2 class=\"wp-block-heading has-text-align-center\">Datum: 13.06.2026<\/h2>\n\n\n\n<div class=\"wp-block-group is-layout-grid wp-container-core-group-is-layout-4d858cb8 wp-block-group-is-layout-grid\">\n<p class=\"has-text-align-right has-normal-font-size wp-container-content-e269605d\"><strong>13:00 Uhr<\/strong><\/p>\n\n\n\n<p class=\"has-normal-font-size wp-container-content-ec3b019d\">Standesamtliche Trauung mit gem\u00fctlichem Ansto\u00dfen in der Klosterkirche Pfullingen<\/p>\n\n\n\n<p class=\"has-text-align-right has-normal-font-size\"><strong>ca. 15:30 Uhr<\/strong><\/p>\n\n\n\n<p class=\"has-normal-font-size wp-container-content-8a3e4cef\">Eintreffen am Stahlecker Hof<\/p>\n\n\n\n<p class=\"has-text-align-right has-normal-font-size\"><strong>ca 16:30 Uhr<\/strong><\/p>\n\n\n\n<p class=\"has-normal-font-size wp-container-content-8a3e4cef\">Kaffee &amp; Kuchen<\/p>\n\n\n\n<p class=\"has-text-align-right has-normal-font-size wp-container-content-e269605d\"><strong>ca 18:00 Uhr<\/strong><\/p>\n\n\n\n<p class=\"has-normal-font-size wp-container-content-8a3e4cef\">Abendessen &amp; Ausklang<\/p>\n\n\n\n<p class=\"has-text-align-right has-normal-font-size wp-container-content-e269605d\"><strong>Dresscode<\/strong><\/p>\n\n\n\n<p class=\"has-normal-font-size wp-container-content-8a3e4cef\">Erscheint gerne festlich, bunt und sch\u00f6n, doch lasst uns in Wei\u00df und Gr\u00fcn als Brautpaar steh&#8217;n.<\/p>\n<\/div>\n\n\n\n<p><\/p>\n\n\n\n<blockquote class=\"wp-block-quote is-layout-flow wp-block-quote-is-layout-flow\">\n<p class=\"has-text-align-center has-text-color has-link-color has-small-font-size wp-elements-ab9d9fca125526e12990926b7d6b8cbf\" style=\"color:#76987d\">Und weil wir es gem\u00fctlich m\u00f6gen, feiern wir das bei gutem Wetter mit einem Grillfest. Deshalb lasst uns gemeinsam ansto\u00dfen, lecker essen und einfach eine gute Zeit haben. Keine klassische Hochzeit, sondern ein fr\u00f6hliches Beisammensein voller Lachen, guter Gespr\u00e4che und gemeinsamer Freude.<\/p>\n<\/blockquote>\n\n\n<div class=\"wp-block-image\">\n<figure class=\"aligncenter size-large\"><img loading=\"lazy\" decoding=\"async\" width=\"1024\" height=\"576\" src=\"https:\/\/kiefer-familie.de\/wp-content\/uploads\/2026\/02\/PXL_20250702_143105729-1024x576.jpg\" alt=\"\" class=\"wp-image-12\" srcset=\"https:\/\/kiefer-familie.de\/wp-content\/uploads\/2026\/02\/PXL_20250702_143105729-1024x576.jpg 1024w, https:\/\/kiefer-familie.de\/wp-content\/uploads\/2026\/02\/PXL_20250702_143105729-300x169.jpg 300w, https:\/\/kiefer-familie.de\/wp-content\/uploads\/2026\/02\/PXL_20250702_143105729-768x432.jpg 768w, https:\/\/kiefer-familie.de\/wp-content\/uploads\/2026\/02\/PXL_20250702_143105729-1536x864.jpg 1536w, https:\/\/kiefer-familie.de\/wp-content\/uploads\/2026\/02\/PXL_20250702_143105729-2048x1152.jpg 2048w, https:\/\/kiefer-familie.de\/wp-content\/uploads\/2026\/02\/PXL_20250702_143105729-606x341.jpg 606w, https:\/\/kiefer-familie.de\/wp-content\/uploads\/2026\/02\/PXL_20250702_143105729-1920x1080.jpg 1920w\" sizes=\"auto, (max-width: 1024px) 100vw, 1024px\" \/><figcaption class=\"wp-element-caption\">Die Frage der Fragen<\/figcaption><\/figure>\n<\/div>\n\n\n<p><\/p>\n","protected":false},"excerpt":{"rendered":"<p>Datum: 13.06.2026 13:00 Uhr Standesamtliche Trauung mit gem\u00fctlichem Ansto\u00dfen in der Klosterkirche Pfullingen ca. 15:30 Uhr Eintreffen am Stahlecker Hof &hellip; <a href=\"https:\/\/kiefer-familie.de\/?page_id=17\" class=\"more-link\"><span class=\"more-button\">Continue Reading<span class=\"screen-reader-text\">Unser Ablauf<\/span><\/span><\/a><\/p>\n","protected":false},"author":1,"featured_media":12,"parent":0,"menu_order":0,"comment_status":"closed","ping_status":"closed","template":"","meta":{"footnotes":""},"class_list":["post-17","page","type-page","status-publish","has-post-thumbnail","hentry"],"_links":{"self":[{"href":"https:\/\/kiefer-familie.de\/index.php?rest_route=\/wp\/v2\/pages\/17","targetHints":{"allow":["GET"]}}],"collection":[{"href":"https:\/\/kiefer-familie.de\/index.php?rest_route=\/wp\/v2\/pages"}],"about":[{"href":"https:\/\/kiefer-familie.de\/index.php?rest_route=\/wp\/v2\/types\/page"}],"author":[{"embeddable":true,"href":"https:\/\/kiefer-familie.de\/index.php?rest_route=\/wp\/v2\/users\/1"}],"replies":[{"embeddable":true,"href":"https:\/\/kiefer-familie.de\/index.php?rest_route=%2Fwp%2Fv2%2Fcomments&post=17"}],"version-history":[{"count":28,"href":"https:\/\/kiefer-familie.de\/index.php?rest_route=\/wp\/v2\/pages\/17\/revisions"}],"predecessor-version":[{"id":290,"href":"https:\/\/kiefer-familie.de\/index.php?rest_route=\/wp\/v2\/pages\/17\/revisions\/290"}],"wp:featuredmedia":[{"embeddable":true,"href":"https:\/\/kiefer-familie.de\/index.php?rest_route=\/wp\/v2\/media\/12"}],"wp:attachment":[{"href":"https:\/\/kiefer-familie.de\/index.php?rest_route=%2Fwp%2Fv2%2Fmedia&parent=17"}],"curies":[{"name":"wp","href":"https:\/\/api.w.org\/{rel}","templated":true}]}}